{"id":895,"date":"2022-06-21T02:46:22","date_gmt":"2022-06-21T02:46:22","guid":{"rendered":"https:\/\/wlcac.org\/?page_id=895"},"modified":"2022-06-21T04:32:56","modified_gmt":"2022-06-21T04:32:56","slug":"playground","status":"publish","type":"page","link":"https:\/\/wlcac.org\/es\/playground\/","title":{"rendered":"Patio de juegos"},"content":{"rendered":"<p><\/p>\n\n\n\n<p><\/p>\n\n\n\n<p>\u201cEl Centro\u201d es el coraz\u00f3n de WLCAC, un parque tem\u00e1tico cultural de siete acres que alberga nuestro espacio comunitario interactivo, instalaciones de turismo de exhibici\u00f3n y sede administrativa.<\/p>\n\n\n\n<p><\/p>\n\n\n\n<p><a href=\"#contact\">haga clic aqu\u00ed<\/a> por ahora jugando <\/p>\n\n\n\n<p>Es aqu\u00ed donde involucramos a miembros de nuestra comunidad de todas las edades y alojamos el n\u00facleo de nuestra iniciativa de turismo cultural de Watts, creada para disipar y redefinir las percepciones err\u00f3neas de nuestra querida comunidad de Watts.<\/p>\n\n\n\n<p>Las instalaciones del sitio del Centro no solo son una secci\u00f3n transversal de la comunidad y un destino tur\u00edstico, sino tambi\u00e9n un lugar valioso para que las organizaciones culturales y otras agencias organicen eventos, generando ingresos valiosos para sostener las operaciones.<\/p>\n\n\n\n<p>Las instalaciones del sitio del Centro no solo son una secci\u00f3n transversal de la comunidad y un destino tur\u00edstico, sino tambi\u00e9n un lugar valioso para que las organizaciones culturales y otras agencias organicen eventos, generando ingresos valiosos para sostener las operaciones.<\/p>\n\n\n\n<p>Las instalaciones del sitio del Centro no solo son una secci\u00f3n transversal de la comunidad y un destino tur\u00edstico, sino tambi\u00e9n un lugar valioso para que las organizaciones culturales y otras agencias organicen eventos, generando ingresos valiosos para sostener las operaciones.<\/p>\n\n\n\n<p>Las instalaciones del sitio del Centro no solo son una secci\u00f3n transversal de la comunidad y un destino tur\u00edstico, sino tambi\u00e9n un lugar valioso para que las organizaciones culturales y otras agencias organicen eventos, generando ingresos valiosos para sostener las operaciones.<\/p>\n\n\n\n<p>Las instalaciones del sitio del Centro no solo son una secci\u00f3n transversal de la comunidad y un destino tur\u00edstico, sino tambi\u00e9n un lugar valioso para que las organizaciones culturales y otras agencias organicen eventos, generando ingresos valiosos para sostener las operaciones.<\/p>\n\n\n\n<p>Las instalaciones del sitio del Centro no solo son una secci\u00f3n transversal de la comunidad y un destino tur\u00edstico, sino tambi\u00e9n un lugar valioso para que las organizaciones culturales y otras agencias organicen eventos, generando ingresos valiosos para sostener las operaciones.<\/p>\n\n\n\n<p>Las instalaciones del sitio del Centro no solo son una secci\u00f3n transversal de la comunidad y un destino tur\u00edstico, sino tambi\u00e9n un lugar valioso para que las organizaciones culturales y otras agencias organicen eventos, generando ingresos valiosos para sostener las operaciones.<\/p>\n\n\n\n<h2 class=\"wp-block-heading\" id=\"contact\">Jugando ahora<\/h2>\n\n\n\n<div style=\"height:100px\" aria-hidden=\"true\" class=\"wp-block-spacer\"><\/div>","protected":false},"excerpt":{"rendered":"<p>\u201cEl Centro\u201d es el coraz\u00f3n de WLCAC, un parque tem\u00e1tico cultural de siete acres que alberga nuestro espacio comunitario interactivo, instalaciones de turismo de exhibici\u00f3n y sede administrativa. Haga clic aqu\u00ed para reproducirlo ahora. Es...<\/p>\n<p class=\"read-more\"> <a class=\"\" href=\"https:\/\/wlcac.org\/es\/playground\/\"> <span class=\"screen-reader-text\">Patio de juegos<\/span> Leer m\u00e1s \u00bb<\/a><\/p>","protected":false},"author":1,"featured_media":0,"parent":0,"menu_order":11,"comment_status":"closed","ping_status":"closed","template":"","meta":{"inline_featured_image":false,"site-sidebar-layout":"default","site-content-layout":"default","ast-global-header-display":"","ast-main-header-display":"","ast-hfb-above-header-display":"","ast-hfb-below-header-display":"","ast-hfb-mobile-header-display":"","site-post-title":"","ast-breadcrumbs-content":"","ast-featured-img":"","footer-sml-layout":"","theme-transparent-header-meta":"","adv-header-id-meta":"","stick-header-meta":"","header-above-stick-meta":"","header-main-stick-meta":"","header-below-stick-meta":""},"yoast_head":"<!-- This site is optimized with the Yoast SEO plugin v20.10 - https:\/\/yoast.com\/wordpress\/plugins\/seo\/ -->\n<title>Playground - WLCAC<\/title>\n<meta name=\"robots\" content=\"index, follow, max-snippet:-1, max-image-preview:large, max-video-preview:-1\" \/>\n<link rel=\"canonical\" href=\"https:\/\/wlcac.org\/es\/playground\/\" \/>\n<meta property=\"og:locale\" content=\"es_ES\" \/>\n<meta property=\"og:type\" content=\"article\" \/>\n<meta property=\"og:title\" content=\"Playground - WLCAC\" \/>\n<meta property=\"og:description\" content=\"\u201cThe Center\u201d is the WLCAC\u2019s heart, a seven-acre cultural theme park that houses our interactive community space, exhibition tourism facilities and administrative headquarters. Click here for Now Playing It is &hellip; Playground Leer m\u00e1s &raquo;\" \/>\n<meta property=\"og:url\" content=\"https:\/\/wlcac.org\/es\/playground\/\" \/>\n<meta property=\"og:site_name\" content=\"WLCAC\" \/>\n<meta property=\"article:publisher\" content=\"https:\/\/www.facebook.com\/WLCAC\/\" \/>\n<meta property=\"article:modified_time\" content=\"2022-06-21T04:32:56+00:00\" \/>\n<meta name=\"twitter:card\" content=\"summary_large_image\" \/>\n<meta name=\"twitter:site\" content=\"@WLCAC\" \/>\n<meta name=\"twitter:label1\" content=\"Tiempo de lectura\" \/>\n\t<meta name=\"twitter:data1\" content=\"2 minutos\" \/>\n<script type=\"application\/ld+json\" class=\"yoast-schema-graph\">{\"@context\":\"https:\/\/schema.org\",\"@graph\":[{\"@type\":\"WebPage\",\"@id\":\"https:\/\/wlcac.org\/playground\/\",\"url\":\"https:\/\/wlcac.org\/playground\/\",\"name\":\"Playground - WLCAC\",\"isPartOf\":{\"@id\":\"https:\/\/wlcac.org\/#website\"},\"datePublished\":\"2022-06-21T02:46:22+00:00\",\"dateModified\":\"2022-06-21T04:32:56+00:00\",\"breadcrumb\":{\"@id\":\"https:\/\/wlcac.org\/playground\/#breadcrumb\"},\"inLanguage\":\"es\",\"potentialAction\":[{\"@type\":\"ReadAction\",\"target\":[\"https:\/\/wlcac.org\/playground\/\"]}]},{\"@type\":\"BreadcrumbList\",\"@id\":\"https:\/\/wlcac.org\/playground\/#breadcrumb\",\"itemListElement\":[{\"@type\":\"ListItem\",\"position\":1,\"name\":\"Home\",\"item\":\"https:\/\/wlcac.org\/\"},{\"@type\":\"ListItem\",\"position\":2,\"name\":\"Playground\"}]},{\"@type\":\"WebSite\",\"@id\":\"https:\/\/wlcac.org\/#website\",\"url\":\"https:\/\/wlcac.org\/\",\"name\":\"WLCAC\",\"description\":\"Watts Labor Community Action Committee\",\"publisher\":{\"@id\":\"https:\/\/wlcac.org\/#organization\"},\"potentialAction\":[{\"@type\":\"SearchAction\",\"target\":{\"@type\":\"EntryPoint\",\"urlTemplate\":\"https:\/\/wlcac.org\/?s={search_term_string}\"},\"query-input\":\"required name=search_term_string\"}],\"inLanguage\":\"es\"},{\"@type\":\"Organization\",\"@id\":\"https:\/\/wlcac.org\/#organization\",\"name\":\"WLCAC\",\"url\":\"https:\/\/wlcac.org\/\",\"logo\":{\"@type\":\"ImageObject\",\"inLanguage\":\"es\",\"@id\":\"https:\/\/wlcac.org\/#\/schema\/logo\/image\/\",\"url\":\"https:\/\/wlcac.org\/wp-content\/uploads\/2022\/05\/wlcac_green.svg\",\"contentUrl\":\"https:\/\/wlcac.org\/wp-content\/uploads\/2022\/05\/wlcac_green.svg\",\"width\":138,\"height\":135,\"caption\":\"WLCAC\"},\"image\":{\"@id\":\"https:\/\/wlcac.org\/#\/schema\/logo\/image\/\"},\"sameAs\":[\"https:\/\/www.facebook.com\/WLCAC\/\",\"https:\/\/twitter.com\/WLCAC\"]}]}<\/script>\n<!-- \/ Yoast SEO plugin. -->","yoast_head_json":{"title":"Playground - WLCAC","robots":{"index":"index","follow":"follow","max-snippet":"max-snippet:-1","max-image-preview":"max-image-preview:large","max-video-preview":"max-video-preview:-1"},"canonical":"https:\/\/wlcac.org\/es\/playground\/","og_locale":"es_ES","og_type":"article","og_title":"Playground - WLCAC","og_description":"\u201cThe Center\u201d is the WLCAC\u2019s heart, a seven-acre cultural theme park that houses our interactive community space, exhibition tourism facilities and administrative headquarters. Click here for Now Playing It is &hellip; Playground Leer m\u00e1s &raquo;","og_url":"https:\/\/wlcac.org\/es\/playground\/","og_site_name":"WLCAC","article_publisher":"https:\/\/www.facebook.com\/WLCAC\/","article_modified_time":"2022-06-21T04:32:56+00:00","twitter_card":"summary_large_image","twitter_site":"@WLCAC","twitter_misc":{"Tiempo de lectura":"2 minutos"},"schema":{"@context":"https:\/\/schema.org","@graph":[{"@type":"WebPage","@id":"https:\/\/wlcac.org\/playground\/","url":"https:\/\/wlcac.org\/playground\/","name":"Playground - WLCAC","isPartOf":{"@id":"https:\/\/wlcac.org\/#website"},"datePublished":"2022-06-21T02:46:22+00:00","dateModified":"2022-06-21T04:32:56+00:00","breadcrumb":{"@id":"https:\/\/wlcac.org\/playground\/#breadcrumb"},"inLanguage":"es","potentialAction":[{"@type":"ReadAction","target":["https:\/\/wlcac.org\/playground\/"]}]},{"@type":"BreadcrumbList","@id":"https:\/\/wlcac.org\/playground\/#breadcrumb","itemListElement":[{"@type":"ListItem","position":1,"name":"Home","item":"https:\/\/wlcac.org\/"},{"@type":"ListItem","position":2,"name":"Playground"}]},{"@type":"WebSite","@id":"https:\/\/wlcac.org\/#website","url":"https:\/\/wlcac.org\/","name":"WLCAC","description":"Watts Labor Community Action Committee","publisher":{"@id":"https:\/\/wlcac.org\/#organization"},"potentialAction":[{"@type":"SearchAction","target":{"@type":"EntryPoint","urlTemplate":"https:\/\/wlcac.org\/?s={search_term_string}"},"query-input":"required name=search_term_string"}],"inLanguage":"es"},{"@type":"Organization","@id":"https:\/\/wlcac.org\/#organization","name":"WLCAC","url":"https:\/\/wlcac.org\/","logo":{"@type":"ImageObject","inLanguage":"es","@id":"https:\/\/wlcac.org\/#\/schema\/logo\/image\/","url":"https:\/\/wlcac.org\/wp-content\/uploads\/2022\/05\/wlcac_green.svg","contentUrl":"https:\/\/wlcac.org\/wp-content\/uploads\/2022\/05\/wlcac_green.svg","width":138,"height":135,"caption":"WLCAC"},"image":{"@id":"https:\/\/wlcac.org\/#\/schema\/logo\/image\/"},"sameAs":["https:\/\/www.facebook.com\/WLCAC\/","https:\/\/twitter.com\/WLCAC"]}]}},"_links":{"self":[{"href":"https:\/\/wlcac.org\/es\/wp-json\/wp\/v2\/pages\/895"}],"collection":[{"href":"https:\/\/wlcac.org\/es\/wp-json\/wp\/v2\/pages"}],"about":[{"href":"https:\/\/wlcac.org\/es\/wp-json\/wp\/v2\/types\/page"}],"author":[{"embeddable":true,"href":"https:\/\/wlcac.org\/es\/wp-json\/wp\/v2\/users\/1"}],"replies":[{"embeddable":true,"href":"https:\/\/wlcac.org\/es\/wp-json\/wp\/v2\/comments?post=895"}],"version-history":[{"count":0,"href":"https:\/\/wlcac.org\/es\/wp-json\/wp\/v2\/pages\/895\/revisions"}],"wp:attachment":[{"href":"https:\/\/wlcac.org\/es\/wp-json\/wp\/v2\/media?parent=895"}],"curies":[{"name":"wp","href":"https:\/\/api.w.org\/{rel}","templated":true}]}}